{"id":2810,"date":"2020-03-31T10:47:04","date_gmt":"2020-03-31T09:47:04","guid":{"rendered":"https:\/\/www.atlanticharpduo.com\/?page_id=2810"},"modified":"2020-04-30T19:05:07","modified_gmt":"2020-04-30T18:05:07","slug":"ariadne-rediviva","status":"publish","type":"page","link":"https:\/\/atlanticharpduo.com\/fr\/discographie\/ariadne-rediviva\/","title":{"rendered":"Ariadne Rediviva"},"content":{"rendered":"\n\t\t\t<div class='tabs-left et_sliderfx_fade et_sliderauto_false et_sliderauto_speed_5000 et_slidertype_left_tabs clearfix'>\n\t\t\t\t<div class='et_left_tabs_bg'><\/div>\n\t\t\t\t<ul class='et-tabs-control'>\n\t\t\t<li><a href='#'>\n\t\t\tDetails\n\t\t<\/a><\/li> \n\t\t<li><a href='#'>\n\t\t\tL\u2019histoire\n\t\t<\/a><\/li>\n\t\t<li><a href='#'>\n\t\t\tCr\u00e9dits\n\t\t<\/a><\/li>\n\t\t<\/ul> <!-- .et-tabs-control --> \n\t\t<div class='et-tabs-content'>\n\t\t\t<div class='et-tabs-content-wrapper'>\n\t\t\t\t<div class='et_slidecontent'>\n\t\t\t<div class='one_third'>\n\t\t\t\t\t<p><img loading=\"lazy\" src=\"https:\/\/www.atlanticharpduo.com\/wp-content\/uploads\/2020\/01\/Ariadne-CD-cover_web-300x270.jpg\" alt=\"\" width=\"222\" height=\"200\" \/><\/p>\n<p><div id=\"paypal-button-container\"><\/div>\r\n<script src=\"https:\/\/www.paypal.com\/sdk\/js?client-id=AW8dLM0yPIAupaSjPjQu083FpFaxBsYukwNbLUd9y-e7ndonpoHJzOX4qIzVpgRTwztZ_aT2nlf0vEAz&currency=EUR\" data-sdk-integration-source=\"button-factory\"><\/script>\r\n<script>\r\n  paypal.Buttons({\r\n      style: {\r\n          shape: 'rect',\r\n          color: 'blue',\r\n          layout: 'vertical'\r\n      },\r\n      createOrder: function(data, actions) {\r\n          return actions.order.create({\r\n              purchase_units: [{\r\n                  description: 'Ariadne Rediviva CD',\r\n                  amount: {\r\n                      value: '15'\r\n                  }\r\n              }]\r\n          });\r\n      },\r\n      onApprove: function(data, actions) {\r\n          return actions.order.capture().then(function(details) {\r\n              alert('Nous vous remercions pour votre commande. Un mail de confirmation g\u00e9n\u00e9r\u00e9 automatiquement vient de vous \u00eatre envoy\u00e9.');\r\n          });\r\n      }\r\n  }).render('#paypal-button-container');\r\n<\/script><\/p>\n\t\t\t\t<\/div>\n<div class='two_third last'>\n\t\t\t\t\t<h2>Ariadne Rediviva<\/h2>\n<p>La musique de cet album est inspir\u00e9e par la riche imagerie entourant Ariane et son exp\u00e9rience de l\u2019amour et\u00a0de l\u2019abandon. Deux harpes donnent vie \u00e0 cette l\u00e9gende de la\u00a0Gr\u00e8ce\u00a0antique ainsi qu\u2019aux contes de Ma M\u00e8re l\u2019Oye de Maurice Ravel.<\/p>\n<h2>Commander CD \u2013 \u20ac 15<\/h2>\n<p>Veuillez s\u00e9lectionner une m\u00e9thode de payement pour votre commande. La livraison est gratuite pour toute commande.<\/p>\n<h2>Commande Num\u00e9rique<\/h2>\n<p>Commander la version num\u00e9rique depuis la plateforme <a href=\"https:\/\/atlanticharpduo.bandcamp.com\/album\/ariadne-rediviva\" target=\"_blank\" rel=\"noopener noreferrer\">Bandcamp<\/a>.\n\t\t\t\t<\/div><div class='clear'><\/div>\n<table>\n<tbody>\n<tr>\n<td>\n<h4>Track<\/h4>\n<\/td>\n<td>\n<h4>Listen<\/h4>\n<\/td>\n<td>\n<h4>Title<\/h4>\n<\/td>\n<td>\n<h4>Composer<\/h4>\n<\/td>\n<td>\n<h4>Timing<\/h4>\n<\/td>\n<\/tr>\n<tr>\n<td>1.<\/td>\n<td><div class=\"compact_audio_player_wrapper\"><div class=\"sc_player_container1\"><input type=\"button\" id=\"btnplay_69fcfd7c510e83.96592803\" class=\"myButton_play\" onClick=\"play_mp3('play','69fcfd7c510e83.96592803','https:\/\/www.atlanticharpduo.com\/wp-content\/uploads\/2020\/03\/1_Pan_Debussy_sample.mp3','80','false');show_hide('play','69fcfd7c510e83.96592803');\" \/><input type=\"button\"  id=\"btnstop_69fcfd7c510e83.96592803\" style=\"display:none\" class=\"myButton_stop\" onClick=\"play_mp3('stop','69fcfd7c510e83.96592803','','80','false');show_hide('stop','69fcfd7c510e83.96592803');\" \/><div id=\"sm2-container\"><!-- flash movie ends up here --><\/div><\/div><\/div><\/td>\n<td>Pour invoquer Pan, dieu du vent d&rsquo;\u00e9t\u00e9, des\u00a0<em>\u00c9pigraphes antiques<\/em><\/td>\n<td>Claude Debussy (1862-1918)<\/td>\n<td>2:16<\/td>\n<\/tr>\n<tr>\n<td>2.<\/td>\n<td><div class=\"compact_audio_player_wrapper\"><div class=\"sc_player_container1\"><input type=\"button\" id=\"btnplay_69fcfd7c538543.21795920\" class=\"myButton_play\" onClick=\"play_mp3('play','69fcfd7c538543.21795920','https:\/\/www.atlanticharpduo.com\/wp-content\/uploads\/2020\/03\/2_Minotaur_sample.mp3','80','false');show_hide('play','69fcfd7c538543.21795920');\" \/><input type=\"button\"  id=\"btnstop_69fcfd7c538543.21795920\" style=\"display:none\" class=\"myButton_stop\" onClick=\"play_mp3('stop','69fcfd7c538543.21795920','','80','false');show_hide('stop','69fcfd7c538543.21795920');\" \/><div id=\"sm2-container\"><!-- flash movie ends up here --><\/div><\/div><\/div><\/td>\n<td>Minotaure<\/td>\n<td>St\u00e9phane Delplace (b. 1953)<\/td>\n<td>6:16<\/td>\n<\/tr>\n<tr>\n<td>3.<\/td>\n<td><div class=\"compact_audio_player_wrapper\"><div class=\"sc_player_container1\"><input type=\"button\" id=\"btnplay_69fcfd7c568b32.49152271\" class=\"myButton_play\" onClick=\"play_mp3('play','69fcfd7c568b32.49152271','https:\/\/www.atlanticharpduo.com\/wp-content\/uploads\/2020\/03\/3_Crotales_Debussy_sample.mp3','80','false');show_hide('play','69fcfd7c568b32.49152271');\" \/><input type=\"button\"  id=\"btnstop_69fcfd7c568b32.49152271\" style=\"display:none\" class=\"myButton_stop\" onClick=\"play_mp3('stop','69fcfd7c568b32.49152271','','80','false');show_hide('stop','69fcfd7c568b32.49152271');\" \/><div id=\"sm2-container\"><!-- flash movie ends up here --><\/div><\/div><\/div><\/td>\n<td>Pour la danseuse aux crotales, des\u00a0<em>\u00c9pigraphes antiques<\/em><\/td>\n<td>Claude Debussy<\/td>\n<td>2:20<\/td>\n<\/tr>\n<tr>\n<td>4.<\/td>\n<td><div class=\"compact_audio_player_wrapper\"><div class=\"sc_player_container1\"><input type=\"button\" id=\"btnplay_69fcfd7c58ad90.90534222\" class=\"myButton_play\" onClick=\"play_mp3('play','69fcfd7c58ad90.90534222','https:\/\/www.atlanticharpduo.com\/wp-content\/uploads\/2020\/03\/4_Labyrinth_sample.mp3','80','false');show_hide('play','69fcfd7c58ad90.90534222');\" \/><input type=\"button\"  id=\"btnstop_69fcfd7c58ad90.90534222\" style=\"display:none\" class=\"myButton_stop\" onClick=\"play_mp3('stop','69fcfd7c58ad90.90534222','','80','false');show_hide('stop','69fcfd7c58ad90.90534222');\" \/><div id=\"sm2-container\"><!-- flash movie ends up here --><\/div><\/div><\/div><\/td>\n<td>Labyrinth Dance; the Crown of Ariadne<\/td>\n<td>R. Murray Schafer (b. 1933)<\/td>\n<td>3:30<\/td>\n<\/tr>\n<tr>\n<td>5.<\/td>\n<td><div class=\"compact_audio_player_wrapper\"><div class=\"sc_player_container1\"><input type=\"button\" id=\"btnplay_69fcfd7c5af5b3.59846383\" class=\"myButton_play\" onClick=\"play_mp3('play','69fcfd7c5af5b3.59846383','https:\/\/www.atlanticharpduo.com\/wp-content\/uploads\/2020\/03\/5_Night_Debussy_sample.mp3','80','false');show_hide('play','69fcfd7c5af5b3.59846383');\" \/><input type=\"button\"  id=\"btnstop_69fcfd7c5af5b3.59846383\" style=\"display:none\" class=\"myButton_stop\" onClick=\"play_mp3('stop','69fcfd7c5af5b3.59846383','','80','false');show_hide('stop','69fcfd7c5af5b3.59846383');\" \/><div id=\"sm2-container\"><!-- flash movie ends up here --><\/div><\/div><\/div><\/td>\n<td>Pour que la nuit soit propice, des\u00a0<em>\u00c9pigraphes antiques<\/em><\/td>\n<td>Claude Debussy<\/td>\n<td>2:17<\/td>\n<\/tr>\n<tr>\n<td>6.<\/td>\n<td><div class=\"compact_audio_player_wrapper\"><div class=\"sc_player_container1\"><input type=\"button\" id=\"btnplay_69fcfd7c5d3035.67556836\" class=\"myButton_play\" onClick=\"play_mp3('play','69fcfd7c5d3035.67556836','https:\/\/www.atlanticharpduo.com\/wp-content\/uploads\/2020\/03\/6_Naxos_sample.mp3','80','false');show_hide('play','69fcfd7c5d3035.67556836');\" \/><input type=\"button\"  id=\"btnstop_69fcfd7c5d3035.67556836\" style=\"display:none\" class=\"myButton_stop\" onClick=\"play_mp3('stop','69fcfd7c5d3035.67556836','','80','false');show_hide('stop','69fcfd7c5d3035.67556836');\" \/><div id=\"sm2-container\"><!-- flash movie ends up here --><\/div><\/div><\/div><\/td>\n<td>Naxos and the Journey with Dia<\/td>\n<td>Roger W. Petersen (b. 1976)<\/td>\n<td>7:57<\/td>\n<\/tr>\n<tr>\n<td>7.<\/td>\n<td><div class=\"compact_audio_player_wrapper\"><div class=\"sc_player_container1\"><input type=\"button\" id=\"btnplay_69fcfd7c5f7256.56239448\" class=\"myButton_play\" onClick=\"play_mp3('play','69fcfd7c5f7256.56239448','https:\/\/www.atlanticharpduo.com\/wp-content\/uploads\/2020\/03\/7_Bacchus_sample.mp3','80','false');show_hide('play','69fcfd7c5f7256.56239448');\" \/><input type=\"button\"  id=\"btnstop_69fcfd7c5f7256.56239448\" style=\"display:none\" class=\"myButton_stop\" onClick=\"play_mp3('stop','69fcfd7c5f7256.56239448','','80','false');show_hide('stop','69fcfd7c5f7256.56239448');\" \/><div id=\"sm2-container\"><!-- flash movie ends up here --><\/div><\/div><\/div><\/td>\n<td>Bacchus<\/td>\n<td>Damien Luce (b. 1978)<\/td>\n<td>7:38<\/td>\n<\/tr>\n<tr>\n<td>8.<\/td>\n<td><div class=\"compact_audio_player_wrapper\"><div class=\"sc_player_container1\"><input type=\"button\" id=\"btnplay_69fcfd7c61aef3.21662903\" class=\"myButton_play\" onClick=\"play_mp3('play','69fcfd7c61aef3.21662903','https:\/\/www.atlanticharpduo.com\/wp-content\/uploads\/2020\/03\/8_Tomb_Debussy_sample.mp3','80','false');show_hide('play','69fcfd7c61aef3.21662903');\" \/><input type=\"button\"  id=\"btnstop_69fcfd7c61aef3.21662903\" style=\"display:none\" class=\"myButton_stop\" onClick=\"play_mp3('stop','69fcfd7c61aef3.21662903','','80','false');show_hide('stop','69fcfd7c61aef3.21662903');\" \/><div id=\"sm2-container\"><!-- flash movie ends up here --><\/div><\/div><\/div><\/td>\n<td>Pour un tombeau sans nom, des\u00a0<em>\u00c9pigraphes antiques<\/em><\/td>\n<td>Claude Debussy<\/td>\n<td>3:08<\/td>\n<\/tr>\n<tr>\n<td>9.<\/td>\n<td><div class=\"compact_audio_player_wrapper\"><div class=\"sc_player_container1\"><input type=\"button\" id=\"btnplay_69fcfd7c63ea34.17457000\" class=\"myButton_play\" onClick=\"play_mp3('play','69fcfd7c63ea34.17457000','https:\/\/www.atlanticharpduo.com\/wp-content\/uploads\/2020\/03\/9_Stellae_sample.mp3','80','false');show_hide('play','69fcfd7c63ea34.17457000');\" \/><input type=\"button\"  id=\"btnstop_69fcfd7c63ea34.17457000\" style=\"display:none\" class=\"myButton_stop\" onClick=\"play_mp3('stop','69fcfd7c63ea34.17457000','','80','false');show_hide('stop','69fcfd7c63ea34.17457000');\" \/><div id=\"sm2-container\"><!-- flash movie ends up here --><\/div><\/div><\/div><\/td>\n<td>Stellae Saltantem<\/td>\n<td>Caroline Lizotte (b. 1969)<\/td>\n<td>7:08<\/td>\n<\/tr>\n<tr>\n<td>10.<\/td>\n<td><div class=\"compact_audio_player_wrapper\"><div class=\"sc_player_container1\"><input type=\"button\" id=\"btnplay_69fcfd7c6620b2.41816854\" class=\"myButton_play\" onClick=\"play_mp3('play','69fcfd7c6620b2.41816854','https:\/\/www.atlanticharpduo.com\/wp-content\/uploads\/2020\/03\/10_Pavane_Ravel_sample.mp3','80','false');show_hide('play','69fcfd7c6620b2.41816854');\" \/><input type=\"button\"  id=\"btnstop_69fcfd7c6620b2.41816854\" style=\"display:none\" class=\"myButton_stop\" onClick=\"play_mp3('stop','69fcfd7c6620b2.41816854','','80','false');show_hide('stop','69fcfd7c6620b2.41816854');\" \/><div id=\"sm2-container\"><!-- flash movie ends up here --><\/div><\/div><\/div><\/td>\n<td>Pavane de la Belle au bois dormant, de\u00a0<em>Ma m\u00e8re l&rsquo;Oye<\/em><\/td>\n<td>Maurice Ravel (1875-1937)<\/td>\n<td>1:35<\/td>\n<\/tr>\n<tr>\n<td>11.<\/td>\n<td><div class=\"compact_audio_player_wrapper\"><div class=\"sc_player_container1\"><input type=\"button\" id=\"btnplay_69fcfd7c685fe4.81461886\" class=\"myButton_play\" onClick=\"play_mp3('play','69fcfd7c685fe4.81461886','https:\/\/www.atlanticharpduo.com\/wp-content\/uploads\/2020\/03\/11_Thumb_Ravel_sample.mp3','80','false');show_hide('play','69fcfd7c685fe4.81461886');\" \/><input type=\"button\"  id=\"btnstop_69fcfd7c685fe4.81461886\" style=\"display:none\" class=\"myButton_stop\" onClick=\"play_mp3('stop','69fcfd7c685fe4.81461886','','80','false');show_hide('stop','69fcfd7c685fe4.81461886');\" \/><div id=\"sm2-container\"><!-- flash movie ends up here --><\/div><\/div><\/div><\/td>\n<td>Petit Poucet, de\u00a0<em>Ma m\u00e8re l&rsquo;Oye<\/em><\/td>\n<td>Maurice Ravel<\/td>\n<td>2:34<\/td>\n<\/tr>\n<tr>\n<td>12.<\/td>\n<td><div class=\"compact_audio_player_wrapper\"><div class=\"sc_player_container1\"><input type=\"button\" id=\"btnplay_69fcfd7c6ab750.24314438\" class=\"myButton_play\" onClick=\"play_mp3('play','69fcfd7c6ab750.24314438','https:\/\/www.atlanticharpduo.com\/wp-content\/uploads\/2020\/03\/12_Laideronnette_Ravel_sample.mp3','80','false');show_hide('play','69fcfd7c6ab750.24314438');\" \/><input type=\"button\"  id=\"btnstop_69fcfd7c6ab750.24314438\" style=\"display:none\" class=\"myButton_stop\" onClick=\"play_mp3('stop','69fcfd7c6ab750.24314438','','80','false');show_hide('stop','69fcfd7c6ab750.24314438');\" \/><div id=\"sm2-container\"><!-- flash movie ends up here --><\/div><\/div><\/div><\/td>\n<td>Laideronnette, Imp\u00e9ratrice des Pagodes, de\u00a0<em>Ma m\u00e8re l&rsquo;Oye<\/em><\/td>\n<td>Maurice Ravel<\/td>\n<td>3:28<\/td>\n<\/tr>\n<tr>\n<td>13.<\/td>\n<td><div class=\"compact_audio_player_wrapper\"><div class=\"sc_player_container1\"><input type=\"button\" id=\"btnplay_69fcfd7c6ceba3.64919785\" class=\"myButton_play\" onClick=\"play_mp3('play','69fcfd7c6ceba3.64919785','https:\/\/www.atlanticharpduo.com\/wp-content\/uploads\/2020\/03\/13_Beauty_Ravel_sample.mp3','80','false');show_hide('play','69fcfd7c6ceba3.64919785');\" \/><input type=\"button\"  id=\"btnstop_69fcfd7c6ceba3.64919785\" style=\"display:none\" class=\"myButton_stop\" onClick=\"play_mp3('stop','69fcfd7c6ceba3.64919785','','80','false');show_hide('stop','69fcfd7c6ceba3.64919785');\" \/><div id=\"sm2-container\"><!-- flash movie ends up here --><\/div><\/div><\/div><\/td>\n<td>Les Entretiens de la Belle et de la B\u00eate, de\u00a0<em>Ma m\u00e8re l&rsquo;Oye<\/em><\/td>\n<td>Maurice Ravel<\/td>\n<td>3:54<\/td>\n<\/tr>\n<tr>\n<td>14.<\/td>\n<td><div class=\"compact_audio_player_wrapper\"><div class=\"sc_player_container1\"><input type=\"button\" id=\"btnplay_69fcfd7c6f50a7.83073628\" class=\"myButton_play\" onClick=\"play_mp3('play','69fcfd7c6f50a7.83073628','https:\/\/www.atlanticharpduo.com\/wp-content\/uploads\/2020\/03\/14_Fairy_Ravel_sample.mp3','80','false');show_hide('play','69fcfd7c6f50a7.83073628');\" \/><input type=\"button\"  id=\"btnstop_69fcfd7c6f50a7.83073628\" style=\"display:none\" class=\"myButton_stop\" onClick=\"play_mp3('stop','69fcfd7c6f50a7.83073628','','80','false');show_hide('stop','69fcfd7c6f50a7.83073628');\" \/><div id=\"sm2-container\"><!-- flash movie ends up here --><\/div><\/div><\/div><\/td>\n<td>Le Jardin f\u00e9erique, de\u00a0<em>Ma m\u00e8re l&rsquo;Oye<\/em><\/td>\n<td>Maurice Ravel<\/td>\n<td>3:00<\/td>\n<\/tr>\n<\/tbody>\n<\/table>\n\t\t<\/div>\n\t\t<div class='et_slidecontent'>\n\t\t\t<h2>Le R\u00e9cit<\/h2>\n<p><a href=\"https:\/\/www.atlanticharpduo.com\/wp-content\/uploads\/2014\/09\/Ariadne-2.jpg\"><img loading=\"lazy\" style=\"float: right; margin-left: 10px;\" src=\"https:\/\/www.atlanticharpduo.com\/wp-content\/uploads\/2014\/09\/Ariadne-2-300x199.jpg\" width=\"300\" height=\"199\" \/><\/a>\nL\u2019histoire d\u2019Ariane commence lors de sa jeunesse en Cr\u00e8te. Quand Th\u00e9s\u00e9e, le h\u00e9ros ath\u00e9nien, surgit dans sa vie, elle en tombe\u00a0imm\u00e9diatement amoureuse. Pleine d&rsquo;habilit\u00e9, elle donne \u00e0 Th\u00e9s\u00e9e le fil qui lui permet de traverser le labyrinthe et d&rsquo;accomplir sa qu\u00eate : terrasser le Minotaure &#8211; redoutable<span style=\"font-family: -webkit-standard; font-size: medium;\"> cr\u00e9ature mi-<\/span>homme mi-taureau cach\u00e9 dans les profondeurs du d\u00e9dale. Victorieux, Th\u00e9s\u00e9e prend la mer pour annoncer son exploit \u00e0 Ath\u00e8nes avec Ariane \u00e0 ses c\u00f4t\u00e9s. Mais, sur le chemin, un orage contraint les deux amants \u00e0 se r\u00e9fugier\u00a0sur l\u2019\u00eele de Naxos.<\/p>\n<p>En se r\u00e9veillant le lendemain, Ariane d\u00e9couvre que le\u00a0bateau de Th\u00e9s\u00e9e est parti sans elle. Le d\u00e9sespoir de\u00a0l\u2019abandon accable la jeune femme mais, alors m\u00eame qu&rsquo;elle perd l\u2019espoir de vivre, elle est sauv\u00e9e par un personnage resplendissant et joyeux &#8211; Bacchus, dieu du vin et de la fertilit\u00e9. Il la prend pour femme et lui pr\u00e9sente une magnifique couronne lors de leur mariage.<\/p>\n<p><a href=\"https:\/\/www.atlanticharpduo.com\/wp-content\/uploads\/2014\/09\/Ariadne-10.jpg\"><img loading=\"lazy\" style=\"float: left; margin-right: 10px;\" src=\"https:\/\/www.atlanticharpduo.com\/wp-content\/uploads\/2014\/09\/Ariadne-10-300x199.jpg\" alt=\"\" width=\"300\" height=\"199\" \/><\/a>\nH\u00e9las, comme tout en ce bas monde, le chant d\u2019Ariane arrive un jour \u00e0 sa fin. En se lamentant de sa mort, Bacchus lance la couronne de sa bien-aim\u00e9e dans le ciel o\u00f9 elle devient la\u00a0constellation de la Couronne bor\u00e9ale. Ainsi immortalis\u00e9e repose Ariane : poign\u00e9e d\u2019\u00e9toiles brillantes dans le firmament, dansant dans le ciel, chantant d&rsquo;en haut \u00e0 nos \u00e2mes mortelles.<\/p>\n\t\t<\/div>\n\t\t<div class='et_slidecontent'>\n\t\t\t<h2>Cr\u00e9dits<\/h2>\n<h4>Produit par<\/h4>\n<p>Elizabeth Jaxon et Marta Power<\/p>\n<h4>Enregistr\u00e9 au<\/h4>\n<p>Studio Juillaguet, France<\/p>\n<h4>Prise de son, mixage, et mastering par<\/h4>\n<p>Fabien Girard<\/p>\n<h4>Instruments<\/h4>\n<p>Camac harps<\/p>\n<h4>Couverture<\/h4>\n<p>Edward Cameron<\/p>\n<h4>Remerciements<\/h4>\n<p>Cet album a \u00e9t\u00e9 rendu possible gr\u00e2ce \u00e0 l&rsquo;ensemble des contributeurs \u00e0 notre appel de fonds et aux subventions d&rsquo;Access Contemporary Music et de l\u2019American Harp Society.<\/p>\n\t\t<\/div>\n\t\t\t<\/div>\n\t\t<\/div>\n\t\t\t<\/div> <!-- .tabs-left -->\n","protected":false},"excerpt":{"rendered":"","protected":false},"author":3,"featured_media":0,"parent":2266,"menu_order":0,"comment_status":"closed","ping_status":"closed","template":"page-full.php","meta":[],"_links":{"self":[{"href":"https:\/\/atlanticharpduo.com\/fr\/wp-json\/wp\/v2\/pages\/2810"}],"collection":[{"href":"https:\/\/atlanticharpduo.com\/fr\/wp-json\/wp\/v2\/pages"}],"about":[{"href":"https:\/\/atlanticharpduo.com\/fr\/wp-json\/wp\/v2\/types\/page"}],"author":[{"embeddable":true,"href":"https:\/\/atlanticharpduo.com\/fr\/wp-json\/wp\/v2\/users\/3"}],"replies":[{"embeddable":true,"href":"https:\/\/atlanticharpduo.com\/fr\/wp-json\/wp\/v2\/comments?post=2810"}],"version-history":[{"count":8,"href":"https:\/\/atlanticharpduo.com\/fr\/wp-json\/wp\/v2\/pages\/2810\/revisions"}],"predecessor-version":[{"id":2896,"href":"https:\/\/atlanticharpduo.com\/fr\/wp-json\/wp\/v2\/pages\/2810\/revisions\/2896"}],"up":[{"embeddable":true,"href":"https:\/\/atlanticharpduo.com\/fr\/wp-json\/wp\/v2\/pages\/2266"}],"wp:attachment":[{"href":"https:\/\/atlanticharpduo.com\/fr\/wp-json\/wp\/v2\/media?parent=2810"}],"curies":[{"name":"wp","href":"https:\/\/api.w.org\/{rel}","templated":true}]}}