{"id":2366,"date":"2015-11-08T18:38:28","date_gmt":"2015-11-08T17:38:28","guid":{"rendered":"http:\/\/www.atlanticharpduo.com\/fr\/?page_id=2366"},"modified":"2026-02-09T10:59:10","modified_gmt":"2026-02-09T09:59:10","slug":"dossier","status":"publish","type":"page","link":"https:\/\/atlanticharpduo.com\/fr\/dossier\/","title":{"rendered":"Dossier"},"content":{"rendered":"<div class='one_fourth'>\n\t\t\t\t\t<h2>Biographie<\/h2>\n\t\t\t\t<\/div>\n<div class='three_fourth last'>\n\t\t\t\t\t<a class=\"btn btn-primary\" style=\"text-align: center; color: #fff !important; padding: 8px 12px !important;\" href=\"http:\/\/www.atlanticharpduo.com\/wp-content\/uploads\/2019\/09\/AHD-bio-fr_2019.pdf\" target=\"_blank\" rel=\"noopener\">T\u00e9l\u00e9charger PDF\u2014Biographie<\/a>\n\t\t\t\t<\/div><div class='clear'><\/div>\n<div class='one_fourth'>\n\t\t\t\t\t<h2>CV<\/h2>\n\t\t\t\t<\/div>\n<div class='three_fourth last'>\n\t\t\t\t\t<a class=\"btn btn-primary\" style=\"text-align: center; color: #fff !important; padding: 8px 12px !important;\" href=\"https:\/\/atlanticharpduo.com\/wp-content\/uploads\/2026\/02\/AHD_cv_fr_2026.pdf\" target=\"_blank\" rel=\"noopener\">T\u00e9l\u00e9charger PDF\u2014CV<\/a>\n\t\t\t\t<\/div><div class='clear'><\/div>\n<div class='one_fourth'>\n\t\t\t\t\t<h2>R\u00e9pertoire<\/h2>\n\t\t\t\t<\/div>\n<div class='three_fourth last'>\n\t\t\t\t\t<a class=\"btn btn-primary\" style=\"text-align: center; color: #fff !important; padding: 8px 12px !important;\" href=\"http:\/\/www.atlanticharpduo.com\/wp-content\/uploads\/2019\/09\/AHD_rep_fr_2019.pdf\" target=\"_blank\" rel=\"noopener\">T\u00e9l\u00e9charger PDF\u2014Liste de r\u00e9pertoire<\/a>\n\t\t\t\t<\/div><div class='clear'><\/div>\n<h2>Photos<\/h2>\n<div class='one_fourth'>\n\t\t\t\t\t<img loading=\"lazy\" class=\"alignnone size-full wp-image-68\" title=\"AtlanticHarpDuo6_thumb\" src=\"http:\/\/www.atlanticharpduo.com\/wp-content\/uploads\/2014\/03\/AtlanticHarpDuo6_thumb.jpg\" alt=\"AtlanticHarpDuo6\" width=\"150\" height=\"150\" \/>\n\t\t\t\t<\/div>\n<div class='three_fourth last'>\n\t\t\t\t\t<a class=\"btn btn-primary\" style=\"text-align: center; color: #fff !important; padding: 8px 12px !important;\" href=\"http:\/\/www.atlanticharpduo.com\/wp-content\/uploads\/2014\/03\/AtlanticHarpDuo6_web.jpg\" target=\"_blank\" rel=\"noopener\">Qualit\u00e9 internet [1000 x 667 px]<\/a><\/p>\n<p><a class=\"btn btn-primary\" style=\"text-align: center; color: #fff !important; padding: 8px 12px !important;\" href=\"http:\/\/www.atlanticharpduo.com\/wp-content\/uploads\/2014\/03\/AtlanticHarpDuo6_print.jpg\" target=\"_blank\" rel=\"noopener\">Haute qualit\u00e9 [3600 x 2400 px]<\/a>\n\t\t\t\t<\/div><div class='clear'><\/div>\n<div class='one_fourth'>\n\t\t\t\t\t<img loading=\"lazy\" class=\"alignnone size-full wp-image-67\" title=\"AtlanticHarpDuo1_thumb\" src=\"http:\/\/www.atlanticharpduo.com\/wp-content\/uploads\/2013\/11\/AtlanticHarpDuo1_thumb.jpg\" alt=\"AtlanticHarpDuo1\" width=\"150\" height=\"150\" \/>\n\t\t\t\t<\/div>\n<div class='three_fourth last'>\n\t\t\t\t\t<a class=\"btn btn-primary\" style=\"text-align: center; color: #fff !important; padding: 8px 12px !important;\" href=\"http:\/\/www.atlanticharpduo.com\/wp-content\/uploads\/2013\/11\/AtlanticHarpDuo1_web.jpg\" target=\"_blank\" rel=\"noopener\">Qualit\u00e9 internet [1200\u00a0x 800 px]<\/a>\n\t\t\t\t<\/div><div class='clear'><\/div>\n<div class='one_fourth'>\n\t\t\t\t\t<img loading=\"lazy\" class=\"alignnone size-full wp-image-68\" title=\"AtlanticHarpDuo2_thumb\" src=\"http:\/\/www.atlanticharpduo.com\/wp-content\/uploads\/2013\/11\/AtlanticHarpDuo2_thumb.jpg\" alt=\"AtlanticHarpDuo2\" width=\"150\" height=\"150\" \/>\n\t\t\t\t<\/div>\n<div class='three_fourth last'>\n\t\t\t\t\t<a class=\"btn btn-primary\" style=\"text-align: center; color: #fff !important; padding: 8px 12px !important;\" href=\"http:\/\/www.atlanticharpduo.com\/wp-content\/uploads\/2013\/11\/AtlanticHarpDuo2_web.jpg\" target=\"_blank\" rel=\"noopener\">Qualit\u00e9 internet [1003 x 800 px]<\/a><\/p>\n<p><a class=\"btn btn-primary\" style=\"text-align: center; color: #fff !important; padding: 8px 12px !important;\" href=\"http:\/\/www.atlanticharpduo.com\/wp-content\/uploads\/2013\/11\/AtlanticHarpDuo2_print.jpg\" target=\"_blank\" rel=\"noopener\">Haute qualit\u00e9 [3552 x 2832 px]<\/a>\n\t\t\t\t<\/div><div class='clear'><\/div>\n<div class='one_fourth'>\n\t\t\t\t\t<img loading=\"lazy\" class=\"alignnone size-full wp-image-69\" title=\"AtlanticHarpDuo3_thumb\" src=\"http:\/\/www.atlanticharpduo.com\/wp-content\/uploads\/2013\/11\/AtlanticHarpDuo3_thumb.jpg\" alt=\"\" width=\"150\" height=\"150\" \/>\n\t\t\t\t<\/div>\n<div class='three_fourth last'>\n\t\t\t\t\t<a class=\"btn btn-primary\" style=\"text-align: center; color: #fff !important; padding: 8px 12px !important;\" href=\"http:\/\/www.atlanticharpduo.com\/wp-content\/uploads\/2013\/11\/AtlanticHarpDuo3_web.jpg\" target=\"_blank\" rel=\"noopener\">Qualit\u00e9 internet [1003 x 800 px]<\/a><\/p>\n<p><a class=\"btn btn-primary\" style=\"text-align: center; color: #fff !important; padding: 8px 12px !important;\" href=\"http:\/\/www.atlanticharpduo.com\/wp-content\/uploads\/2013\/11\/AtlanticHarpDuo3_print.jpg\" target=\"_blank\" rel=\"noopener\">Haute qualit\u00e9 [3552 x 2832 px]<\/a>\n\t\t\t\t<\/div><div class='clear'><\/div>\n<div class='one_fourth'>\n\t\t\t\t\t<img loading=\"lazy\" class=\"size-full wp-image-202 alignnone\" title=\"Atlantic Harp Duo 4\" src=\"http:\/\/www.atlanticharpduo.com\/wp-content\/uploads\/2013\/11\/AtlanticHarpDuo4_thumb.jpg\" alt=\"\" width=\"150\" height=\"150\" \/>\n\t\t\t\t<\/div>\n<div class='three_fourth last'>\n\t\t\t\t\t<a class=\"btn btn-primary\" style=\"text-align: center; color: #fff !important; padding: 8px 12px !important;\" href=\"http:\/\/www.atlanticharpduo.com\/wp-content\/uploads\/2013\/11\/AtlanticHarpDuo4_print.jpg\" target=\"_blank\" rel=\"noopener\">Haute qualit\u00e9 [3056 x 4592 px]<\/a>\n\t\t\t\t<\/div><div class='clear'><\/div>\n<h2>Presse<\/h2>\n<blockquote><p>\u00ab \u2026quel joli ensemble elles forment.  Elles jouent comme une, avec une musicalit\u00e9 si fondu qu\u2019elle masque ou une harpiste commence et l\u2019autre fini. \u00bb<\/p><\/blockquote>\n<p>~Alison Young,\u00a0<a href=\"http:\/\/www.harpcolumn.com\/\" target=\"_blank\" rel=\"noopener\">Harp Column Magazine<\/a>, sept\/oct 2011<\/p>\n<blockquote><p>\u00ab \u2026c\u2019est \u00e0 Paris qu\u2019Elizabeth et Marta ont form\u00e9 l\u2019Atlantic Harp Duo. Maintenant ce duo se produit en Europe et aux \u00c9tats-Unis, et c\u2019est rassurant d\u2019entendre que le nouveau poste d\u2019Elizabeth en Tha\u00eflande ne voudra pas dire la dissolution du duo\u2026il y a beaucoup d\u2019ensembles de harpes dans les conservatoires mais assez peu dans le monde professionnel, alors c\u2019est formidable quand un duo aussi au point et cr\u00e9atif que celui d\u2019Elizabeth et Marta donne des concerts partout dans le monde\u2026 \u00bb<\/p><\/blockquote>\n<p>~<a href=\"http:\/\/www.harpblog.info\/harpblog\/2011\/01\/the-atlantic-harp-duo.html\" target=\"_blank\" rel=\"noopener\">Camac Harp Blog, jan 2011<\/a><\/p>\n<blockquote><p>\u00ab Le dernier concert \u00e9tait intitul\u00e9 \u201cSoir\u00e9e avec Fryderyk Chopin et Georg Sand\u201d, pr\u00e9par\u00e9 et magistralement jou\u00e9 par Marta Luce et Elizabeth Jaxon. Ces deux am\u00e9ricaines vivant \u00e0 Paris forment l\u2019Atlantic Harp Duo, et non seulement elles jouent superbement bien\u2014leur duo existe depuis quatre ans\u2014mais elles ont fait leurs propres transcriptions de trois pi\u00e8ces de Chopin, avec lesquelles elles ont pu transmettre avec beaucoup de succ\u00e8s les \u00e9motions et intentions musicaux de notre compatriote. \u00bb<\/p><\/blockquote>\n<p>~<a href=\"http:\/\/www.harfa.pl\/news.php?readmore=111\" target=\"_blank\" rel=\"noopener\">Association Polonaise de la Harpe, sept 2010<\/a><\/p>\n<blockquote><p>\u00ab Marta Power Luce et Elizabeth Jaxon ont offert un beau son et un r\u00e9pertoire divers au public captiv\u00e9. Leur enthousiasme et leur esprit fraiche \u00e9taient un vrai plaisir. \u00bb<\/p><\/blockquote>\n<p>~Congregational Summer Assembly News Bulletin, 2009<\/p>\n","protected":false},"excerpt":{"rendered":"<p>Photos Presse \u00ab \u2026quel joli ensemble elles forment. Elles jouent comme une, avec une musicalit\u00e9 si fondu qu\u2019elle masque ou une harpiste commence et l\u2019autre fini. \u00bb ~Alison Young,\u00a0Harp Column Magazine, sept\/oct 2011 \u00ab \u2026c\u2019est \u00e0 Paris qu\u2019Elizabeth et Marta ont form\u00e9 l\u2019Atlantic Harp Duo. Maintenant ce duo se produit en Europe et aux \u00c9tats-Unis, [&hellip;]<\/p>\n","protected":false},"author":2,"featured_media":0,"parent":0,"menu_order":8,"comment_status":"closed","ping_status":"closed","template":"page-full.php","meta":[],"_links":{"self":[{"href":"https:\/\/atlanticharpduo.com\/fr\/wp-json\/wp\/v2\/pages\/2366"}],"collection":[{"href":"https:\/\/atlanticharpduo.com\/fr\/wp-json\/wp\/v2\/pages"}],"about":[{"href":"https:\/\/atlanticharpduo.com\/fr\/wp-json\/wp\/v2\/types\/page"}],"author":[{"embeddable":true,"href":"https:\/\/atlanticharpduo.com\/fr\/wp-json\/wp\/v2\/users\/2"}],"replies":[{"embeddable":true,"href":"https:\/\/atlanticharpduo.com\/fr\/wp-json\/wp\/v2\/comments?post=2366"}],"version-history":[{"count":5,"href":"https:\/\/atlanticharpduo.com\/fr\/wp-json\/wp\/v2\/pages\/2366\/revisions"}],"predecessor-version":[{"id":3026,"href":"https:\/\/atlanticharpduo.com\/fr\/wp-json\/wp\/v2\/pages\/2366\/revisions\/3026"}],"wp:attachment":[{"href":"https:\/\/atlanticharpduo.com\/fr\/wp-json\/wp\/v2\/media?parent=2366"}],"curies":[{"name":"wp","href":"https:\/\/api.w.org\/{rel}","templated":true}]}}