{"id":2349,"date":"2015-11-08T17:53:58","date_gmt":"2015-11-08T16:53:58","guid":{"rendered":"http:\/\/www.atlanticharpduo.com\/fr\/?page_id=2349"},"modified":"2020-04-28T12:42:36","modified_gmt":"2020-04-28T11:42:36","slug":"la-fontaine-ou-les-animaux-pestiferes","status":"publish","type":"page","link":"https:\/\/atlanticharpduo.com\/fr\/discographie\/la-fontaine-ou-les-animaux-pestiferes\/","title":{"rendered":"La Fontaine, ou les animaux pestif\u00e9r\u00e9s"},"content":{"rendered":"\n\t\t\t<div class='tabs-left et_sliderfx_fade et_sliderauto_false et_sliderauto_speed_5000 et_slidertype_left_tabs clearfix'>\n\t\t\t\t<div class='et_left_tabs_bg'><\/div>\n\t\t\t\t<ul class='et-tabs-control'>\n\t\t\t<li><a href='#'>\n\t\t\tD\u00e9tails\n\t\t<\/a><\/li> \n\t\t<li><a href='#'>\n\t\t\tCr\u00e9dits\n\t\t<\/a><\/li>\n\t\t<\/ul> <!-- .et-tabs-control --> \n\t\t<div class='et-tabs-content'>\n\t\t\t<div class='et-tabs-content-wrapper'>\n\t\t\t\t\u00a0\n\t\t<div class='et_slidecontent'>\n\t\t\t<div class='one_third'>\n\t\t\t\t\t<img loading=\"lazy\" alt=\"cover-cd-lafontaine\" src=\"http:\/\/www.atlanticharpduo.com\/wp-content\/uploads\/2013\/09\/cover-cd-lafontaine.jpg\" width=\"200\" height=\"200\" \/><\/p>\n<p><a class=\"btn btn-warning\" style=\"width: 80%; text-align: center; color: #fff !important; padding: 8px 0 !important;\" href=\"https:\/\/shop.camac-harps.com\/fr\/produit\/luce-damien-la-fontaine-ou-les-animaux-pestiferes-avec-marta-power-luce-et-elizabeth-jaxon\/\" target=\"_blank\" rel=\"noopener noreferrer\">Commander<\/a><\/p>\n<blockquote><p>\u00ab Tout parle en mon ouvrage, et m\u00eame les poissons. \u00bb<\/p>\n<p>~Jean de la Fontaine<\/p><\/blockquote>\n\t\t\t\t<\/div>\n<div class='two_third last'>\n\t\t\t\t\t<h2>La Fontaine, ou les animaux pestif\u00e9r\u00e9s<\/h2>\n<p>En 2009, l\u2019Atlantic Harp Duo s\u2019est produit \u00e0 c\u00f4t\u00e9 des com\u00e9diens Katherine Gabelle, Alain de Bock et Damien Luce dans un spectacle autour des fables de Jean de la Fontaine. L\u2019enregistrement de ce spectacle dans lequel le duo joue une musique originale de Damien Luce, ainsi qu\u2019une multitude d\u2019effets sonores qui illustrent les fables, est maintenant disponible au magasin et sur le site de l\u2019Espace Camac de Paris. (Textes r\u00e9cit\u00e9s en Fran\u00e7ais)<\/p>\n<p>Jean de la Fontaine, dans son bestiaire, a choisi des animaux nobles, comme le lion, le chat, l\u2019\u00e9l\u00e9phant, mais aussi des animaux rejet\u00e9s par les humains : le rat, le loup, l\u2019araign\u00e9e, le serpent\u2026 Ces animaux, symboliquement m\u00e9chants et laids dans l\u2019imagination humaine, sont le plus souvent sauv\u00e9s chez notre auteur et plus malins que les autres. Ce disque donne pr\u00e9f\u00e9rence \u00e0 trois d\u2019entre eux : le loup, le serpent et le rat. On y croisera aussi l\u2019Homme lui-m\u00eame, car n\u2019est-il pas la cr\u00e9ature la plus rejet\u00e9e de ses semblables ?\n\t\t\t\t<\/div><div class='clear'><\/div>\n<table>\n<tbody>\n<tr>\n<td>\n<h4>Piste<\/h4>\n<\/td>\n<td>\n<h4>\u00c9couter<\/h4>\n<\/td>\n<td>\n<h4>Titre<\/h4>\n<\/td>\n<td>\n<h4>Compositeur<\/h4>\n<\/td>\n<td>\n<h4>Minutage<\/h4>\n<\/td>\n<\/tr>\n<tr>\n<td>1.<\/td>\n<td><div class=\"compact_audio_player_wrapper\"><div class=\"sc_player_container1\"><input type=\"button\" id=\"btnplay_69dfc5dc8fd9a7.04836273\" class=\"myButton_play\" onClick=\"play_mp3('play','69dfc5dc8fd9a7.04836273','http:\/\/www.atlanticharpduo.com\/wp-content\/uploads\/2013\/11\/01-LaFontaine_sample.mp3','80','false');show_hide('play','69dfc5dc8fd9a7.04836273');\" \/><input type=\"button\"  id=\"btnstop_69dfc5dc8fd9a7.04836273\" style=\"display:none\" class=\"myButton_stop\" onClick=\"play_mp3('stop','69dfc5dc8fd9a7.04836273','','80','false');show_hide('stop','69dfc5dc8fd9a7.04836273');\" \/><div id=\"sm2-container\"><!-- flash movie ends up here --><\/div><\/div><\/div><\/td>\n<td>Introduction<\/td>\n<td>Damien Luce<\/td>\n<td>7:00<\/td>\n<\/tr>\n<tr>\n<td>2.<\/td>\n<td><div class=\"compact_audio_player_wrapper\"><div class=\"sc_player_container1\"><input type=\"button\" id=\"btnplay_69dfc5dc94e1b6.48571334\" class=\"myButton_play\" onClick=\"play_mp3('play','69dfc5dc94e1b6.48571334','http:\/\/www.atlanticharpduo.com\/wp-content\/uploads\/2013\/11\/02-LaFontaine_sample.mp3','80','false');show_hide('play','69dfc5dc94e1b6.48571334');\" \/><input type=\"button\"  id=\"btnstop_69dfc5dc94e1b6.48571334\" style=\"display:none\" class=\"myButton_stop\" onClick=\"play_mp3('stop','69dfc5dc94e1b6.48571334','','80','false');show_hide('stop','69dfc5dc94e1b6.48571334');\" \/><div id=\"sm2-container\"><!-- flash movie ends up here --><\/div><\/div><\/div><\/td>\n<td>La Grenouille et le Rat<\/td>\n<td>Jean de la Fontaine<\/td>\n<td>2:16<\/td>\n<\/tr>\n<tr>\n<td>3.<\/td>\n<td><\/td>\n<td>Le Loup et la Cigogne<\/td>\n<td>Jean de la Fontaine<\/td>\n<td>0:47<\/td>\n<\/tr>\n<tr>\n<td>4.<\/td>\n<td><\/td>\n<td>La Ligue des Rats<\/td>\n<td>Jean de la Fontaine<\/td>\n<td>2:24<\/td>\n<\/tr>\n<tr>\n<td>5.<\/td>\n<td><div class=\"compact_audio_player_wrapper\"><div class=\"sc_player_container1\"><input type=\"button\" id=\"btnplay_69dfc5dc998472.31690511\" class=\"myButton_play\" onClick=\"play_mp3('play','69dfc5dc998472.31690511','http:\/\/www.atlanticharpduo.com\/wp-content\/uploads\/2013\/11\/05-LaFontaine_sample.mp3','80','false');show_hide('play','69dfc5dc998472.31690511');\" \/><input type=\"button\"  id=\"btnstop_69dfc5dc998472.31690511\" style=\"display:none\" class=\"myButton_stop\" onClick=\"play_mp3('stop','69dfc5dc998472.31690511','','80','false');show_hide('stop','69dfc5dc998472.31690511');\" \/><div id=\"sm2-container\"><!-- flash movie ends up here --><\/div><\/div><\/div><\/td>\n<td>Musique du Serpent<\/td>\n<td>Damien Luce<\/td>\n<td>2:27<\/td>\n<\/tr>\n<tr>\n<td>6.<\/td>\n<td><\/td>\n<td>Le Villageois et le Serpent<\/td>\n<td>Jean de la Fontaine<\/td>\n<td>2:09<\/td>\n<\/tr>\n<tr>\n<td>7.<\/td>\n<td><\/td>\n<td>Le Loup devenu Berger<\/td>\n<td>Jean de la Fontaine<\/td>\n<td>1:42<\/td>\n<\/tr>\n<tr>\n<td>8.<\/td>\n<td><\/td>\n<td>Conseil tenu par les Rats<\/td>\n<td>Jean de la Fontaine<\/td>\n<td>1:55<\/td>\n<\/tr>\n<tr>\n<td>9.<\/td>\n<td><\/td>\n<td>Le Loup, la Ch\u00e8vre et le Chevreau<\/td>\n<td>Jean de la Fontaine<\/td>\n<td>1:23<\/td>\n<\/tr>\n<tr>\n<td>10.<\/td>\n<td><\/td>\n<td>L&rsquo;Homme et la Couleuvre<\/td>\n<td>Jean de la Fontaine<\/td>\n<td>4:45<\/td>\n<\/tr>\n<tr>\n<td>11.<\/td>\n<td><div class=\"compact_audio_player_wrapper\"><div class=\"sc_player_container1\"><input type=\"button\" id=\"btnplay_69dfc5dc9e0040.04567799\" class=\"myButton_play\" onClick=\"play_mp3('play','69dfc5dc9e0040.04567799','http:\/\/www.atlanticharpduo.com\/wp-content\/uploads\/2013\/11\/11-LaFontaine_sample.mp3','80','false');show_hide('play','69dfc5dc9e0040.04567799');\" \/><input type=\"button\"  id=\"btnstop_69dfc5dc9e0040.04567799\" style=\"display:none\" class=\"myButton_stop\" onClick=\"play_mp3('stop','69dfc5dc9e0040.04567799','','80','false');show_hide('stop','69dfc5dc9e0040.04567799');\" \/><div id=\"sm2-container\"><!-- flash movie ends up here --><\/div><\/div><\/div><\/td>\n<td>Musique du Loup<\/td>\n<td>Damien Luce<\/td>\n<td>2:11<\/td>\n<\/tr>\n<tr>\n<td>12.<\/td>\n<td><\/td>\n<td>Le Loup et les Bergers<\/td>\n<td>Jean de la Fontaine<\/td>\n<td>2:06<\/td>\n<\/tr>\n<tr>\n<td>13.<\/td>\n<td><\/td>\n<td>Le Rat qui s&rsquo;est retir\u00e9 du monde<\/td>\n<td>Jean de la Fontaine<\/td>\n<td>1:45<\/td>\n<\/tr>\n<tr>\n<td>14.<\/td>\n<td><\/td>\n<td>Le Serpent et la Lime<\/td>\n<td>Jean de la Fontaine<\/td>\n<td>1:18<\/td>\n<\/tr>\n<tr>\n<td>15.<\/td>\n<td><\/td>\n<td>Le Renard, le Loup et le Cheval<\/td>\n<td>Jean de la Fontaine<\/td>\n<td>1:46<\/td>\n<\/tr>\n<tr>\n<td>16.<\/td>\n<td><div class=\"compact_audio_player_wrapper\"><div class=\"sc_player_container1\"><input type=\"button\" id=\"btnplay_69dfc5dca332b9.18752624\" class=\"myButton_play\" onClick=\"play_mp3('play','69dfc5dca332b9.18752624','http:\/\/www.atlanticharpduo.com\/wp-content\/uploads\/2013\/11\/16-LaFonatine_sample.mp3','80','false');show_hide('play','69dfc5dca332b9.18752624');\" \/><input type=\"button\"  id=\"btnstop_69dfc5dca332b9.18752624\" style=\"display:none\" class=\"myButton_stop\" onClick=\"play_mp3('stop','69dfc5dca332b9.18752624','','80','false');show_hide('stop','69dfc5dca332b9.18752624');\" \/><div id=\"sm2-container\"><!-- flash movie ends up here --><\/div><\/div><\/div><\/td>\n<td>Musique du Rat<\/td>\n<td>Damien Luce<\/td>\n<td>1:52<\/td>\n<\/tr>\n<tr>\n<td>17.<\/td>\n<td><\/td>\n<td>Le Rat et l&rsquo;Elephant<\/td>\n<td>Jean de la Fontaine<\/td>\n<td>1:32<\/td>\n<\/tr>\n<tr>\n<td>18.<\/td>\n<td><\/td>\n<td>La T\u00eate et la Queue du serpent<\/td>\n<td>Jean de la Fontaine<\/td>\n<td>1:25<\/td>\n<\/tr>\n<tr>\n<td>19.<\/td>\n<td><\/td>\n<td>Le Loup et le Chasseur<\/td>\n<td>Jean de la Fontaine<\/td>\n<td>3:02<\/td>\n<\/tr>\n<tr>\n<td>20.<\/td>\n<td><\/td>\n<td>Le Chat et un Vieux Rat<\/td>\n<td>Jean de la Fontaine<\/td>\n<td>2:58<\/td>\n<\/tr>\n<tr>\n<td>21.<\/td>\n<td><\/td>\n<td>Le Loup et le Chien<\/td>\n<td>Jean de la Fontaine<\/td>\n<td>1:56<\/td>\n<\/tr>\n<tr>\n<td>22.<\/td>\n<td><div class=\"compact_audio_player_wrapper\"><div class=\"sc_player_container1\"><input type=\"button\" id=\"btnplay_69dfc5dca77fa0.31822922\" class=\"myButton_play\" onClick=\"play_mp3('play','69dfc5dca77fa0.31822922','http:\/\/www.atlanticharpduo.com\/wp-content\/uploads\/2013\/11\/22-LaFontaine_sample.mp3','80','false');show_hide('play','69dfc5dca77fa0.31822922');\" \/><input type=\"button\"  id=\"btnstop_69dfc5dca77fa0.31822922\" style=\"display:none\" class=\"myButton_stop\" onClick=\"play_mp3('stop','69dfc5dca77fa0.31822922','','80','false');show_hide('stop','69dfc5dca77fa0.31822922');\" \/><div id=\"sm2-container\"><!-- flash movie ends up here --><\/div><\/div><\/div><\/td>\n<td>Musique de L&rsquo;Homme<\/td>\n<td>Damien Luce<\/td>\n<td>1:59<\/td>\n<\/tr>\n<tr>\n<td>23.<\/td>\n<td><\/td>\n<td>Les Femmes et le Secret<\/td>\n<td>Jean de la Fontaine<\/td>\n<td>1:32<\/td>\n<\/tr>\n<tr>\n<td>24.<\/td>\n<td><\/td>\n<td>L&rsquo;Ivrogne et sa Femme<\/td>\n<td>Jean de la Fontaine<\/td>\n<td>1:27<\/td>\n<\/tr>\n<tr>\n<td>25.<\/td>\n<td><\/td>\n<td>La Jeune Veuve<\/td>\n<td>Jean de la Fontaine<\/td>\n<td>2:02<\/td>\n<\/tr>\n<tr>\n<td>26.<\/td>\n<td><\/td>\n<td>Parole de Socrate<\/td>\n<td>Jean de la Fontaine<\/td>\n<td>0:53<\/td>\n<\/tr>\n<tr>\n<td>27.<\/td>\n<td><\/td>\n<td>L&rsquo;Homme entre deux \u00e2ges et ses deux ma\u00eetresses<\/td>\n<td>Jean de la Fontaine<\/td>\n<td>1:16<\/td>\n<\/tr>\n<tr>\n<td>28.<\/td>\n<td><\/td>\n<td>Le Savetier et le Financier<\/td>\n<td>Jean de la Fontaine<\/td>\n<td>2:23<\/td>\n<\/tr>\n<tr>\n<td>29.<\/td>\n<td><\/td>\n<td>L&rsquo;Amour et la Folie<\/td>\n<td>Jean de la Fontaine<\/td>\n<td>2:34<\/td>\n<\/tr>\n<\/tbody>\n<\/table>\n\t\t<\/div><\/p>\n\n\t\t<div class='et_slidecontent'>\n\t\t\t<h2>Cr\u00e9dits<\/h2>\n<div class='one_third'>\n\t\t\t\t\t<h4>Le Loup<\/h4>\n<p>Alain de Bock<\/p>\n<h4>Le Serpent<\/h4>\n<p>Katherine Gabelle<\/p>\n<h4>Le Rat<\/h4>\n<p>Damien Luce<\/p>\n<h4>Harpes<\/h4>\n<p>Marta Power Luce<\/p>\n<p>Elizabeth Jaxon<\/p>\n<h4>Musique<\/h4>\n<p>Damien Luce\n\t\t\t\t<\/div>\n<div class='two_third last'>\n\t\t\t\t\t<div id=\"attachment_1055\" style=\"width: 410px\" class=\"wp-caption alignnone\"><a href=\"http:\/\/www.atlanticharpduo.com\/wp-content\/uploads\/2013\/09\/fontaine.png\"><img aria-describedby=\"caption-attachment-1055\" loading=\"lazy\" class=\"size-full wp-image-1055\" alt=\"left to right: Marta Power Luce, Alain de Bock, Katherine Gabelle, Damien Luce, Elizabeth Jaxon\" src=\"http:\/\/www.atlanticharpduo.com\/wp-content\/uploads\/2013\/09\/fontaine.png\" width=\"400\" height=\"250\" srcset=\"https:\/\/atlanticharpduo.com\/wp-content\/uploads\/2013\/09\/fontaine.png 400w, https:\/\/atlanticharpduo.com\/wp-content\/uploads\/2013\/09\/fontaine-300x187.png 300w\" sizes=\"(max-width: 400px) 100vw, 400px\" \/><\/a><p id=\"caption-attachment-1055\" class=\"wp-caption-text\">De gauche \u00e0 droit: Marta Power Luce, Alain de Bock, Katherine Gabelle, Damien Luce, Elizabeth Jaxon<\/p><\/div>\n\t\t\t\t<\/div><div class='clear'><\/div>\n<h4>Enregistrement effectu\u00e9 \u00e0<\/h4>\n<p>l\u2019Espace Camac (Paris)<\/p>\n<h4>Prise de son et montage<\/h4>\n<p>Claude Nime<\/p>\n<h4>Illustration<\/h4>\n<p>Jean-Baptiste Oudry<\/p>\n<h4>Production<\/h4>\n<p>Bordigales Culture and Artelude<\/p>\n<h4>Merci \u00e0<\/h4>\n<p>Jakez Fran\u00e7ois, Pr\u00e9sident des Harpes Camac, pour son soutien dans la r\u00e9alisation de ce disque<\/p>\n\t\t<\/div>\n\t\t\t<\/div>\n\t\t<\/div>\n\t\t\t<\/div> <!-- .tabs-left -->\n","protected":false},"excerpt":{"rendered":"","protected":false},"author":2,"featured_media":0,"parent":2266,"menu_order":0,"comment_status":"closed","ping_status":"closed","template":"page-full.php","meta":[],"_links":{"self":[{"href":"https:\/\/atlanticharpduo.com\/fr\/wp-json\/wp\/v2\/pages\/2349"}],"collection":[{"href":"https:\/\/atlanticharpduo.com\/fr\/wp-json\/wp\/v2\/pages"}],"about":[{"href":"https:\/\/atlanticharpduo.com\/fr\/wp-json\/wp\/v2\/types\/page"}],"author":[{"embeddable":true,"href":"https:\/\/atlanticharpduo.com\/fr\/wp-json\/wp\/v2\/users\/2"}],"replies":[{"embeddable":true,"href":"https:\/\/atlanticharpduo.com\/fr\/wp-json\/wp\/v2\/comments?post=2349"}],"version-history":[{"count":2,"href":"https:\/\/atlanticharpduo.com\/fr\/wp-json\/wp\/v2\/pages\/2349\/revisions"}],"predecessor-version":[{"id":2859,"href":"https:\/\/atlanticharpduo.com\/fr\/wp-json\/wp\/v2\/pages\/2349\/revisions\/2859"}],"up":[{"embeddable":true,"href":"https:\/\/atlanticharpduo.com\/fr\/wp-json\/wp\/v2\/pages\/2266"}],"wp:attachment":[{"href":"https:\/\/atlanticharpduo.com\/fr\/wp-json\/wp\/v2\/media?parent=2349"}],"curies":[{"name":"wp","href":"https:\/\/api.w.org\/{rel}","templated":true}]}}